{"id":637,"date":"2016-03-16T17:36:27","date_gmt":"2016-03-16T15:36:27","guid":{"rendered":"http:\/\/bya0np.myra\/?page_id=637&#038;lang=en"},"modified":"2016-09-06T14:00:51","modified_gmt":"2016-09-06T12:00:51","slug":"vita","status":"publish","type":"page","link":"https:\/\/www.pogo-art.de\/en\/vita\/","title":{"rendered":"VITA"},"content":{"rendered":"<h2>\n\t\tVITA<br \/>\n\t<\/h2>\n<p style=\"text-align: right;\">1952<br \/>Born in Berlin Wilmersdorf<\/p>\n<p style=\"text-align: right;\">1968\/71<br \/>Studies in graphic design at the Lette Verein, Berlin<\/p>\n<p style=\"text-align: right;\">1971\/76<br \/>University of the Arts, Prof. Spohn, Berlin<\/p>\n<p style=\"text-align: right;\">1993-2006<br \/>Membership in the association of Berlin artists2012<br \/>renewed membership in <a href=\"http:\/\/www.vbk-art.de\/index.php\/en\/neues.html\">VBK<\/a><\/p>\n<p style=\"text-align: right;\">2015<br \/>renewed membership\u2028the Professional Association of Visual Artists Berlin e.V.<\/p>\n<p>\t\t\t\t<img decoding=\"async\" src=\"\/wp-content\/uploads\/2015\/06\/15jun2013pogo14611.jpg\" alt=\"15jun2013pogo14611\" itemprop=\"image\"  \/><\/p>\n<p style=\"text-align: justify;\">Works by POGO are to find \u00a0in public and private collections; Please see, as below mentioned: <a href=\"http:\/\/www.berlinischegalerie.de\/\" target=\"_blank\">Berlinische Galerie<\/a>, Berlin; <a href=\"http:\/\/www.kommunalegalerie-berlin.de\/\" target=\"_blank\">Kommunale Galerie<\/a>, Berlin; Stiftung Deutsches Herzzentrum, Berlin Kunststiftung der Eternit AG, Berlin; Vereinigung \u201e\u00c4rzte gegen Tierversuche&#8221; Frankfurt\/M.; Graphothek; Berlin; <a href=\"http:\/\/www.deutsche-museen.de\/show.php?myname=index&amp;id=11085&amp;show_ref=yes&amp;bundesland_id=17\" target=\"_blank\">Galerie Raissa<\/a>, Erfurt; Tierversuchsgegner, Berlin; Tierversuchsgegner, Bremen; Buddy-B\u00e4r, Berlin; Ku&#8217;damm-Karree GmbH, Berlin; Alt-Bundespr\u00e4sident Johannes Rau, beim amtierenden B\u00fcrgermeister von Berlin Klaus Wowereit, Stadtwerke Finsterwalde, Ingrid van Bergen, Barbara R\u00fctting, Andreas Mannkopff; Wolfgang Spier<\/p>\n<p>Exhibitions (selection),\u00a0<em>cursive = participation<br \/><\/em><\/p>\n<h2>\n\t\t2017<br \/>\n\t<\/h2>\n<h2>\n\t\t2016<br \/>\n\t<\/h2>\n<h2>\n\t\t2016<br \/>\n\t<\/h2>\n<h2>\n\t\t2015<br \/>\n\t<\/h2>\n<p><em>J\u00b4\u00edrai au paradis, Moulinage, Frankreich<\/em><\/p>\n<p><em>Berliner Liste, Messe, Kraftwerk Berlin<\/em><br \/>\n<em>Maler der Waisenbr\u00fccke, Galerie Carlos Hulsch<\/em><\/p>\n<p><em>Narrativ, <a href=\"http:\/\/www.vbk-art.de\/index.php\/en\/\">VBK<\/a><\/em><br \/><em>Neavenezia, SMK Galerie, Berlin<\/em><\/p>\n<p><em>3 days art, Fair for Contemporary Art, <a href=\"http:\/\/www.kommunalegalerie-berlin.de\/\" target=\"_blank\">Municipal Gallery Berlin<\/a><\/em><br \/><em>Change\/ Exchange, Korean cultural Center and <a href=\"http:\/\/www.galeriebb.de\/\" target=\"_blank\">Gallery Berlin-Baku<\/a> <\/em><br \/><em>Luce Mania, <a href=\"http:\/\/www.vbk-art.de\/index.php\/en\/\">VBK<\/a> Berlin<\/em><br \/>Urania | Picture of the Month March-May<\/p>\n<h2>\n\t\t2014<br \/>\n\t<\/h2>\n<p><em>Tete a Tete, <a href=\"http:\/\/www.vbk-art.de\/index.php\/en\/\">VBK<\/a>, Berlin<\/em><br \/><em> Yang Pyong Museum, Seoul\/ Korea<\/em><br \/> Gutshaus Steglitz, Berlin -with Torsten H. Kluckert<br \/> <em>zARTbitter, Kap-Hoorn, Bremen Up-Date 14, VBK Berlin<\/em><\/p>\n<h2>\n\t\t2013<br \/>\n\t<\/h2>\n<p style=\"text-align: left;\">Biberburg, Berlin<br \/><em>What\u00b4s up? <a href=\"http:\/\/www.vbk-art.de\/index.php\/en\/\">VBK<\/a>, Berlin<\/em><br \/><em>Underground <a href=\"http:\/\/www.vbk-art.de\/index.php\/en\/\">VBK<\/a>, Berlin<\/em><br \/>Buy me, Schwartzsche Villa, Cultural Affairs Steglitz- Zehlendorf Berlin<br \/><em>Up-Date 13 <a href=\"http:\/\/www.vbk-art.de\/index.php\/en\/\">VBK<\/a>, Berlin<\/em><\/p>\n<h2>\n\t\t2012<br \/>\n\t<\/h2>\n<p><em>Giftschrank, <a href=\"http:\/\/www.vbk-art.de\/index.php\/en\/\">VBK<\/a> Berlin<\/em><\/p>\n<h2>\n\t\t2010<br \/>\n\t<\/h2>\n<p style=\"text-align: left;\">Church Day, Dortmund<\/p>\n<h2>\n\t\t2008<br \/>\n\t<\/h2>\n<p>City hall Schmargendorf, Berlin\u2028<br \/>Zellmann cars,\u00a0 Berlin<\/p>\n<h2>\n\t\t2007<br \/>\n\t<\/h2>\n<p><em>Gallery TVDART, Berlin<\/em><\/p>\n<h2>\n\t\t2006<br \/>\n\t<\/h2>\n<p>Excibition and reading\u00a0 with Wolfgang Spier, Ku`damm Karree<\/p>\n<h2>\n\t\t2005<br \/>\n\t<\/h2>\n<p>GRS Society for Plant and Reactor Safety, Berlin<br \/> <em>Charlottenburg-Marstall (castle), Berlin<\/em><br \/> <em>Bavarian Parliament, Munich<\/em><br \/> <em>Gallery in the bunker, Geretsried<\/em><br \/> <em><a href=\"http:\/\/www.deutsche-museen.de\/show.php?myname=index&amp;id=11097&amp;show_ref=yes&amp;bundesland_id=4\" target=\"_blank\">Gallery Storkow arch, Berlin<\/a><\/em><\/p>\n<h2>\n\t\t2004-11<br \/>\n\t<\/h2>\n<p>Durable exhibition, Pf\u00f6tchenhotel, Beelitz<\/p>\n<h2>\n\t\t2003<br \/>\n\t<\/h2>\n<p style=\"text-align: left;\">City hall Ahrensburg, Hamburg<br \/>Gallery Vin d&#8217;Oc, Berlin<\/p>\n<h2>\n\t\t2002<br \/>\n\t<\/h2>\n<p><a href=\"http:\/\/www.kommunalegalerie-berlin.de\" target=\"_blank\">Municipal Gallery Berlin<\/a><\/p>\n<h2>\n\t\t2001<br \/>\n\t<\/h2>\n<p style=\"text-align: left;\"><a href=\"http:\/\/www.galerielange.de\" target=\"_blank\">Gallery Dr. Petra Lange, Berlin<\/a><\/p>\n<h2>\n\t\t2000<br \/>\n\t<\/h2>\n<p><em>School of Veterinary Medicine Hanover<\/em><\/p>\n<h2>\n\t\t1999<br \/>\n\t<\/h2>\n<p style=\"text-align: left;\"><a href=\"http:\/\/www.carlos-hulsch.de\" target=\"_blank\">Gallery Carlos Hulsch, Berlin<\/a><br \/><a href=\"http:\/\/www.kommunalegalerie-berlin.de\" target=\"_blank\">Municipal Gallery Berlin<\/a><\/p>\n<h2>\n\t\t1997<br \/>\n\t<\/h2>\n<p style=\"text-align: left;\">Ethicon, European Surgical Institute, Hamburg\/Norderstedt<br \/><em>Telekom, Potsdam<\/em><\/p>\n<h2>\n\t\t1995<br \/>\n\t<\/h2>\n<p>\u201eAncestral gallery\u201c, &#8220;, Eternithaus, Berlin<\/p>\n<h2>\n\t\t1994<br \/>\n\t<\/h2>\n<p style=\"text-align: left;\">Michaelis church, Cottbus<br \/><a href=\"http:\/\/www.kommunalegalerie-berlin.de\" target=\"_blank\">Municipal Gallery Berlin<\/a><br \/><a href=\"http:\/\/www.ortsdienst.de\/Thueringen\/Erfurt\/Ausstellung-und-Galerie\/Galerie-Raissa-inst5885\/\" target=\"_blank\">Galery Raissa, Erfurt<\/a><\/p>\n<h2>\n\t\t1993<br \/>\n\t<\/h2>\n<p>Culture bound, Finsterwalde<br \/><a href=\"http:\/\/www.tellows.de\/num\/02719399111\" target=\"_blank\">Gallery Am Rex, Siegen<\/a><\/p>\n<h2>\n\t\t1991<br \/>\n\t<\/h2>\n<p style=\"text-align: left;\"><em>Inter art Moscow\u2028<\/em><br \/>Centre of culture slaughterhouse, Bremen<br \/><a href=\"http:\/\/www.kommunalegalerie-berlin.de\" target=\"_blank\">Municipal Gallery Berlin<\/a><\/p>\n<h2>\n\t\t1990<br \/>\n\t<\/h2>\n<p><em>Berlin- Brandenburg Red Town hall<\/em><\/p>\n<h2>\n\t\t1989<br \/>\n\t<\/h2>\n<p style=\"text-align: left;\"><a href=\"http:\/\/www.carlos-hulsch.de\" target=\"_blank\">Gallery Carlos Hulsch, Berlin<\/a><\/p>\n<h2>\n\t\t1987<br \/>\n\t<\/h2>\n<p>Castle Charlottenburg, Orangery, Berlin<\/p>\n<h2>\n\t\t1986<br \/>\n\t<\/h2>\n<p style=\"text-align: left;\"><a href=\"http:\/\/www.diekleineweltlaterne.de\" target=\"_blank\">Gallery Small World\u2019s Lantern, Berlin<\/a><\/p>\n<h2>\n\t\t1985<br \/>\n\t<\/h2>\n<p>Galerie Ars Nova, Bremen<\/p>\n<h2>\n\t\t1982<br \/>\n\t<\/h2>\n<p><em>Comparative Anatomy, Brussels<\/em><\/p>\n<p>Books<\/p>\n<h2>\n\t\t2010<br \/>\n\t<\/h2>\n<p>Wo bitte geht\u00b4s ins Paradies ? \u00a0Barbara R\u00fctting<\/p>\n<h2>\n\t\t2004-08<br \/>\n\t<\/h2>\n<p>Animals and Humans\u00a0 Opponents\u00a0 of animal Experiments\u2028 Berlin-Brandenburg<\/p>\n<h2>\n\t\t1987<br \/>\n\t<\/h2>\n<p>Dogwatching \u00a0Desmond Morris<\/p>\n<h2>\n\t\t1985<br \/>\n\t<\/h2>\n<p>Auf der Flucht mit Mirto \u00a0 Barbara R\u00fctting<\/p>\n","protected":false},"excerpt":{"rendered":"<p>VITA 1952Born in Berlin Wilmersdorf 1968\/71Studies in graphic design at the Lette Verein, Berlin 1971\/76University of the Arts, Prof. Spohn, Berlin 1993-2006Membership in the association of Berlin artists2012renewed membership in VBK 2015renewed membership\u2028the Professional Association of Visual Artists Berlin e.V. Works by POGO are to find \u00a0in public and private collections; Please see, as below&hellip;<\/p>\n","protected":false},"author":19,"featured_media":0,"parent":0,"menu_order":0,"comment_status":"closed","ping_status":"closed","template":"","meta":{"footnotes":""},"class_list":["post-637","page","type-page","status-publish","hentry"],"_links":{"self":[{"href":"https:\/\/www.pogo-art.de\/en\/wp-json\/wp\/v2\/pages\/637","targetHints":{"allow":["GET"]}}],"collection":[{"href":"https:\/\/www.pogo-art.de\/en\/wp-json\/wp\/v2\/pages"}],"about":[{"href":"https:\/\/www.pogo-art.de\/en\/wp-json\/wp\/v2\/types\/page"}],"author":[{"embeddable":true,"href":"https:\/\/www.pogo-art.de\/en\/wp-json\/wp\/v2\/users\/19"}],"replies":[{"embeddable":true,"href":"https:\/\/www.pogo-art.de\/en\/wp-json\/wp\/v2\/comments?post=637"}],"version-history":[{"count":6,"href":"https:\/\/www.pogo-art.de\/en\/wp-json\/wp\/v2\/pages\/637\/revisions"}],"predecessor-version":[{"id":714,"href":"https:\/\/www.pogo-art.de\/en\/wp-json\/wp\/v2\/pages\/637\/revisions\/714"}],"wp:attachment":[{"href":"https:\/\/www.pogo-art.de\/en\/wp-json\/wp\/v2\/media?parent=637"}],"curies":[{"name":"wp","href":"https:\/\/api.w.org\/{rel}","templated":true}]}}